{"id":87,"date":"2024-06-02T08:20:00","date_gmt":"2024-06-02T11:20:00","guid":{"rendered":"https:\/\/radiomundial.com.br\/?page_id=87"},"modified":"2024-06-02T08:20:00","modified_gmt":"2024-06-02T11:20:00","slug":"politica-de-comentarios","status":"publish","type":"page","link":"https:\/\/clube.cloud\/?page_id=87","title":{"rendered":"Pol\u00edtica de Coment\u00e1rios"},"content":{"rendered":"\n<p>Nosso objetivo \u00e9 fornecer um espa\u00e7o onde nossos leitores possam compartilhar suas opini\u00f5es, insights e experi\u00eancias relacionadas ao conte\u00fado que publicamos. Para garantir que todos os participantes desfrutem de uma experi\u00eancia positiva e construtiva, pedimos que sigam estas diretrizes:<\/p>\n\n\n\n<p><\/p>\n\n\n\n<p><strong>Respeito M\u00fatuo<\/strong>: Por favor, seja cort\u00eas e respeitoso com os outros comentaristas, mesmo que voc\u00ea discorde de suas opini\u00f5es. Coment\u00e1rios ofensivos, prejudiciais, difamat\u00f3rios, discriminat\u00f3rios, ou de qualquer forma desrespeitosos n\u00e3o ser\u00e3o tolerados.<\/p>\n\n\n\n<p><\/p>\n\n\n\n<p><strong>Contribui\u00e7\u00f5es Relevantes<\/strong>: Mantenha seus coment\u00e1rios relevantes ao conte\u00fado da postagem. Coment\u00e1rios que n\u00e3o estejam relacionados ao assunto principal podem ser removidos para manter o foco da discuss\u00e3o.<\/p>\n\n\n\n<p><\/p>\n\n\n\n<p><strong>N\u00e3o Spam<\/strong>: Evite publicar repetidamente o mesmo coment\u00e1rio ou promover produtos, servi\u00e7os ou links irrelevantes. Coment\u00e1rios que sejam claramente spam ser\u00e3o exclu\u00eddos.<\/p>\n\n\n\n<p><\/p>\n\n\n\n<p><strong>Cita\u00e7\u00e3o de Fontes e Refer\u00eancias<\/strong>: Se voc\u00ea estiver compartilhando informa\u00e7\u00f5es ou cita\u00e7\u00f5es de outras fontes, forne\u00e7a refer\u00eancias ou links sempre que poss\u00edvel. Isso ajuda a manter a integridade das informa\u00e7\u00f5es compartilhadas.<\/p>\n\n\n\n<p><\/p>\n\n\n\n<p><strong>Mantenha a Civilidade<\/strong>: Encorajamos debates saud\u00e1veis e construtivos. Se voc\u00ea discordar de uma opini\u00e3o, fa\u00e7a isso de forma educada e fundamentada, promovendo uma discuss\u00e3o significativa.<\/p>\n\n\n\n<p><\/p>\n\n\n\n<p><strong>Privacidade e Seguran\u00e7a<\/strong>: N\u00e3o compartilhe informa\u00e7\u00f5es pessoais sens\u00edveis nos coment\u00e1rios. Respeite a privacidade dos outros participantes.<\/p>\n\n\n\n<p><\/p>\n\n\n\n<p><strong>Modera\u00e7\u00e3o<\/strong>: Reservamo-nos o direito de moderar e remover coment\u00e1rios que violem estas diretrizes ou que consideramos inadequados, sem aviso pr\u00e9vio. A decis\u00e3o da modera\u00e7\u00e3o \u00e9 final.<\/p>\n\n\n\n<p>Ao participar dos coment\u00e1rios, voc\u00ea concorda em cumprir estas diretrizes. O objetivo \u00e9 criar um ambiente inclusivo, informativo e respeitoso para todos os membros da nossa comunidade. Agradecemos sua coopera\u00e7\u00e3o e esperamos por suas contribui\u00e7\u00f5es construtivas!<\/p>\n","protected":false},"excerpt":{"rendered":"<p>Nosso objetivo \u00e9 fornecer um espa\u00e7o onde nossos leitores possam compartilhar suas opini\u00f5es, insights e experi\u00eancias relacionadas ao conte\u00fado que [&hellip;]<\/p>\n","protected":false},"author":1,"featured_media":0,"parent":0,"menu_order":0,"comment_status":"closed","ping_status":"closed","template":"","meta":{"site-sidebar-layout":"default","site-content-layout":"","ast-site-content-layout":"default","site-content-style":"default","site-sidebar-style":"default","ast-global-header-display":"","ast-banner-title-visibility":"","ast-main-header-display":"","ast-hfb-above-header-display":"","ast-hfb-below-header-display":"","ast-hfb-mobile-header-display":"","site-post-title":"","ast-breadcrumbs-content":"","ast-featured-img":"","footer-sml-layout":"","ast-disable-related-posts":"","theme-transparent-header-meta":"","adv-header-id-meta":"","stick-header-meta":"","header-above-stick-meta":"","header-main-stick-meta":"","header-below-stick-meta":"","astra-migrate-meta-layouts":"default","ast-page-background-enabled":"default","ast-page-background-meta":{"desktop":{"background-color":"var(--ast-global-color-5)","background-image":"","background-repeat":"repeat","background-position":"center center","background-size":"auto","background-attachment":"scroll","background-type":"","background-media":"","overlay-type":"","overlay-color":"","overlay-opacity":"","overlay-gradient":""},"tablet":{"background-color":"","background-image":"","background-repeat":"repeat","background-position":"center center","background-size":"auto","background-attachment":"scroll","background-type":"","background-media":"","overlay-type":"","overlay-color":"","overlay-opacity":"","overlay-gradient":""},"mobile":{"background-color":"","background-image":"","background-repeat":"repeat","background-position":"center center","background-size":"auto","background-attachment":"scroll","background-type":"","background-media":"","overlay-type":"","overlay-color":"","overlay-opacity":"","overlay-gradient":""}},"ast-content-background-meta":{"desktop":{"background-color":"var(--ast-global-color-4)","background-image":"","background-repeat":"repeat","background-position":"center center","background-size":"auto","background-attachment":"scroll","background-type":"","background-media":"","overlay-type":"","overlay-color":"","overlay-opacity":"","overlay-gradient":""},"tablet":{"background-color":"var(--ast-global-color-4)","background-image":"","background-repeat":"repeat","background-position":"center center","background-size":"auto","background-attachment":"scroll","background-type":"","background-media":"","overlay-type":"","overlay-color":"","overlay-opacity":"","overlay-gradient":""},"mobile":{"background-color":"var(--ast-global-color-4)","background-image":"","background-repeat":"repeat","background-position":"center center","background-size":"auto","background-attachment":"scroll","background-type":"","background-media":"","overlay-type":"","overlay-color":"","overlay-opacity":"","overlay-gradient":""}},"footnotes":""},"class_list":["post-87","page","type-page","status-publish","hentry"],"_links":{"self":[{"href":"https:\/\/clube.cloud\/index.php?rest_route=\/wp\/v2\/pages\/87","targetHints":{"allow":["GET"]}}],"collection":[{"href":"https:\/\/clube.cloud\/index.php?rest_route=\/wp\/v2\/pages"}],"about":[{"href":"https:\/\/clube.cloud\/index.php?rest_route=\/wp\/v2\/types\/page"}],"author":[{"embeddable":true,"href":"https:\/\/clube.cloud\/index.php?rest_route=\/wp\/v2\/users\/1"}],"replies":[{"embeddable":true,"href":"https:\/\/clube.cloud\/index.php?rest_route=%2Fwp%2Fv2%2Fcomments&post=87"}],"version-history":[{"count":0,"href":"https:\/\/clube.cloud\/index.php?rest_route=\/wp\/v2\/pages\/87\/revisions"}],"wp:attachment":[{"href":"https:\/\/clube.cloud\/index.php?rest_route=%2Fwp%2Fv2%2Fmedia&parent=87"}],"curies":[{"name":"wp","href":"https:\/\/api.w.org\/{rel}","templated":true}]}}