{"id":18,"date":"2024-05-30T06:14:24","date_gmt":"2024-05-30T09:14:24","guid":{"rendered":"https:\/\/radiomundial.com.br\/?page_id=18"},"modified":"2024-05-30T06:14:24","modified_gmt":"2024-05-30T09:14:24","slug":"politica-de-cookies","status":"publish","type":"page","link":"https:\/\/clube.cloud\/?page_id=18","title":{"rendered":"Pol\u00edtica de Cookies"},"content":{"rendered":"\n<h4 class=\"wp-block-heading\"><strong>O que s\u00e3o Cookies?<\/strong><\/h4>\n\n\n\n<p>Cookies s\u00e3o pequenos arquivos de texto armazenados em seu dispositivo quando voc\u00ea visita um site. Eles ajudam a melhorar sua experi\u00eancia ao lembrar de suas prefer\u00eancias e medir o desempenho do site.<\/p>\n\n\n\n<p><\/p>\n\n\n\n<p><\/p>\n\n\n\n<h4 class=\"wp-block-heading\"><strong>Tipos de Cookies Utilizados<\/strong><\/h4>\n\n\n\n<ul class=\"wp-block-list\">\n<li><strong>Essenciais<\/strong>: Necess\u00e1rios para o funcionamento do site, permitindo a navega\u00e7\u00e3o e o uso de recursos essenciais.<\/li>\n\n\n\n<li><strong>Desempenho<\/strong>: Coletam informa\u00e7\u00f5es sobre como os visitantes usam o site, ajudando a melhorar sua funcionalidade.<\/li>\n\n\n\n<li><strong>Funcionalidade<\/strong>: Permitem que o site lembre-se de suas escolhas (como idioma e regi\u00e3o) e forne\u00e7a uma experi\u00eancia mais personalizada.<\/li>\n\n\n\n<li><strong>Publicidade<\/strong>: Usados para exibir an\u00fancios relevantes e medir a efic\u00e1cia das campanhas publicit\u00e1rias.<\/li>\n<\/ul>\n\n\n\n<p><\/p>\n\n\n\n<p><\/p>\n\n\n\n<h4 class=\"wp-block-heading\"><strong>Gerenciamento de Cookies<\/strong><\/h4>\n\n\n\n<p>Voc\u00ea pode controlar e\/ou excluir cookies atrav\u00e9s das configura\u00e7\u00f5es do seu navegador. A maioria dos navegadores permite que voc\u00ea bloqueie ou apague cookies. No entanto, isso pode afetar sua experi\u00eancia de navega\u00e7\u00e3o.<\/p>\n\n\n\n<p><\/p>\n\n\n\n<p><\/p>\n\n\n\n<h3 class=\"wp-block-heading\"><strong>Altera\u00e7\u00f5es na Pol\u00edtica<\/strong><\/h3>\n\n\n\n<p>Podemos atualizar esta Pol\u00edtica de Cookies periodicamente. Recomendamos que voc\u00ea revise esta p\u00e1gina regularmente para se manter informado sobre nossas pr\u00e1ticas.<\/p>\n\n\n\n<p><\/p>\n\n\n\n<p><\/p>\n\n\n\n<h3 class=\"wp-block-heading\"><strong>Contato<\/strong><\/h3>\n\n\n\n<p>Se tiver d\u00favidas sobre o uso de cookies, entre em contato conosco:<\/p>\n\n\n\n<p>Email: contato@sibemol.com.br<br><\/p>\n","protected":false},"excerpt":{"rendered":"<p>O que s\u00e3o Cookies? Cookies s\u00e3o pequenos arquivos de texto armazenados em seu dispositivo quando voc\u00ea visita um site. Eles [&hellip;]<\/p>\n","protected":false},"author":1,"featured_media":0,"parent":0,"menu_order":0,"comment_status":"closed","ping_status":"closed","template":"","meta":{"site-sidebar-layout":"default","site-content-layout":"","ast-site-content-layout":"default","site-content-style":"default","site-sidebar-style":"default","ast-global-header-display":"","ast-banner-title-visibility":"","ast-main-header-display":"","ast-hfb-above-header-display":"","ast-hfb-below-header-display":"","ast-hfb-mobile-header-display":"","site-post-title":"","ast-breadcrumbs-content":"","ast-featured-img":"","footer-sml-layout":"","ast-disable-related-posts":"","theme-transparent-header-meta":"","adv-header-id-meta":"","stick-header-meta":"","header-above-stick-meta":"","header-main-stick-meta":"","header-below-stick-meta":"","astra-migrate-meta-layouts":"default","ast-page-background-enabled":"default","ast-page-background-meta":{"desktop":{"background-color":"var(--ast-global-color-5)","background-image":"","background-repeat":"repeat","background-position":"center center","background-size":"auto","background-attachment":"scroll","background-type":"","background-media":"","overlay-type":"","overlay-color":"","overlay-opacity":"","overlay-gradient":""},"tablet":{"background-color":"","background-image":"","background-repeat":"repeat","background-position":"center center","background-size":"auto","background-attachment":"scroll","background-type":"","background-media":"","overlay-type":"","overlay-color":"","overlay-opacity":"","overlay-gradient":""},"mobile":{"background-color":"","background-image":"","background-repeat":"repeat","background-position":"center center","background-size":"auto","background-attachment":"scroll","background-type":"","background-media":"","overlay-type":"","overlay-color":"","overlay-opacity":"","overlay-gradient":""}},"ast-content-background-meta":{"desktop":{"background-color":"var(--ast-global-color-4)","background-image":"","background-repeat":"repeat","background-position":"center center","background-size":"auto","background-attachment":"scroll","background-type":"","background-media":"","overlay-type":"","overlay-color":"","overlay-opacity":"","overlay-gradient":""},"tablet":{"background-color":"var(--ast-global-color-4)","background-image":"","background-repeat":"repeat","background-position":"center center","background-size":"auto","background-attachment":"scroll","background-type":"","background-media":"","overlay-type":"","overlay-color":"","overlay-opacity":"","overlay-gradient":""},"mobile":{"background-color":"var(--ast-global-color-4)","background-image":"","background-repeat":"repeat","background-position":"center center","background-size":"auto","background-attachment":"scroll","background-type":"","background-media":"","overlay-type":"","overlay-color":"","overlay-opacity":"","overlay-gradient":""}},"footnotes":""},"class_list":["post-18","page","type-page","status-publish","hentry"],"_links":{"self":[{"href":"https:\/\/clube.cloud\/index.php?rest_route=\/wp\/v2\/pages\/18","targetHints":{"allow":["GET"]}}],"collection":[{"href":"https:\/\/clube.cloud\/index.php?rest_route=\/wp\/v2\/pages"}],"about":[{"href":"https:\/\/clube.cloud\/index.php?rest_route=\/wp\/v2\/types\/page"}],"author":[{"embeddable":true,"href":"https:\/\/clube.cloud\/index.php?rest_route=\/wp\/v2\/users\/1"}],"replies":[{"embeddable":true,"href":"https:\/\/clube.cloud\/index.php?rest_route=%2Fwp%2Fv2%2Fcomments&post=18"}],"version-history":[{"count":0,"href":"https:\/\/clube.cloud\/index.php?rest_route=\/wp\/v2\/pages\/18\/revisions"}],"wp:attachment":[{"href":"https:\/\/clube.cloud\/index.php?rest_route=%2Fwp%2Fv2%2Fmedia&parent=18"}],"curies":[{"name":"wp","href":"https:\/\/api.w.org\/{rel}","templated":true}]}}